{"id":2926,"date":"2026-03-16T13:33:01","date_gmt":"2026-03-16T12:33:01","guid":{"rendered":"https:\/\/edwood.marketing15.com\/product\/svall-towel-hook\/"},"modified":"2026-04-29T14:57:42","modified_gmt":"2026-04-29T12:57:42","slug":"wieszak-na-reczniki-svall","status":"publish","type":"product","link":"https:\/\/edwood.marketing15.com\/pl\/product\/wieszak-na-reczniki-svall\/","title":{"rendered":"Wieszak na r\u0119czniki SVALL"},"content":{"rendered":"<p>Minimalistyczny akcent, kt\u00f3ry doskonale uzupe\u0142nia kolekcj\u0119 SVALL.<\/p>\n","protected":false},"featured_media":2546,"template":"","meta":{"_acf_changed":false},"product_collection":[45],"product_line":[36],"class_list":["post-2926","product","type-product","status-publish","has-post-thumbnail","hentry","product_collection-svall","product_line-wellness"],"acf":[],"yoast_head":"<!-- This site is optimized with the Yoast SEO plugin v27.4 - https:\/\/yoast.com\/product\/yoast-seo-wordpress\/ -->\n<title>Wieszak na r\u0119czniki SVALL - Edwood Home<\/title>\n<meta name=\"robots\" content=\"index, follow, max-snippet:-1, max-image-preview:large, max-video-preview:-1\" \/>\n<link rel=\"canonical\" href=\"https:\/\/edwood.marketing15.com\/pl\/product\/wieszak-na-reczniki-svall\/\" \/>\n<meta property=\"og:locale\" content=\"pl_PL\" \/>\n<meta property=\"og:type\" content=\"article\" \/>\n<meta property=\"og:title\" content=\"Wieszak na r\u0119czniki SVALL - Edwood Home\" \/>\n<meta property=\"og:description\" content=\"Minimalistyczny akcent, kt\u00f3ry doskonale uzupe\u0142nia kolekcj\u0119 SVALL.\" \/>\n<meta property=\"og:url\" content=\"https:\/\/edwood.marketing15.com\/pl\/product\/wieszak-na-reczniki-svall\/\" \/>\n<meta property=\"og:site_name\" content=\"Edwood Home\" \/>\n<meta property=\"article:modified_time\" content=\"2026-04-29T12:57:42+00:00\" \/>\n<meta property=\"og:image\" content=\"https:\/\/edwood.marketing15.com\/wp-content\/uploads\/2026\/03\/w1-1.png\" \/>\n\t<meta property=\"og:image:width\" content=\"720\" \/>\n\t<meta property=\"og:image:height\" content=\"878\" \/>\n\t<meta property=\"og:image:type\" content=\"image\/png\" \/>\n<meta name=\"twitter:card\" content=\"summary_large_image\" \/>\n<meta name=\"twitter:label1\" content=\"Szacowany czas czytania\" \/>\n\t<meta name=\"twitter:data1\" content=\"1 minuta\" \/>\n<script type=\"application\/ld+json\" class=\"yoast-schema-graph\">{\"@context\":\"https:\\\/\\\/schema.org\",\"@graph\":[{\"@type\":\"WebPage\",\"@id\":\"https:\\\/\\\/edwood.marketing15.com\\\/pl\\\/product\\\/wieszak-na-reczniki-svall\\\/\",\"url\":\"https:\\\/\\\/edwood.marketing15.com\\\/pl\\\/product\\\/wieszak-na-reczniki-svall\\\/\",\"name\":\"Wieszak na r\u0119czniki SVALL - Edwood Home\",\"isPartOf\":{\"@id\":\"https:\\\/\\\/edwood.marketing15.com\\\/#website\"},\"primaryImageOfPage\":{\"@id\":\"https:\\\/\\\/edwood.marketing15.com\\\/pl\\\/product\\\/wieszak-na-reczniki-svall\\\/#primaryimage\"},\"image\":{\"@id\":\"https:\\\/\\\/edwood.marketing15.com\\\/pl\\\/product\\\/wieszak-na-reczniki-svall\\\/#primaryimage\"},\"thumbnailUrl\":\"https:\\\/\\\/edwood.marketing15.com\\\/wp-content\\\/uploads\\\/2026\\\/03\\\/w1-1.png\",\"datePublished\":\"2026-03-16T12:33:01+00:00\",\"dateModified\":\"2026-04-29T12:57:42+00:00\",\"breadcrumb\":{\"@id\":\"https:\\\/\\\/edwood.marketing15.com\\\/pl\\\/product\\\/wieszak-na-reczniki-svall\\\/#breadcrumb\"},\"inLanguage\":\"pl-PL\",\"potentialAction\":[{\"@type\":\"ReadAction\",\"target\":[\"https:\\\/\\\/edwood.marketing15.com\\\/pl\\\/product\\\/wieszak-na-reczniki-svall\\\/\"]}]},{\"@type\":\"ImageObject\",\"inLanguage\":\"pl-PL\",\"@id\":\"https:\\\/\\\/edwood.marketing15.com\\\/pl\\\/product\\\/wieszak-na-reczniki-svall\\\/#primaryimage\",\"url\":\"https:\\\/\\\/edwood.marketing15.com\\\/wp-content\\\/uploads\\\/2026\\\/03\\\/w1-1.png\",\"contentUrl\":\"https:\\\/\\\/edwood.marketing15.com\\\/wp-content\\\/uploads\\\/2026\\\/03\\\/w1-1.png\",\"width\":720,\"height\":878},{\"@type\":\"BreadcrumbList\",\"@id\":\"https:\\\/\\\/edwood.marketing15.com\\\/pl\\\/product\\\/wieszak-na-reczniki-svall\\\/#breadcrumb\",\"itemListElement\":[{\"@type\":\"ListItem\",\"position\":1,\"name\":\"Home\",\"item\":\"https:\\\/\\\/edwood.marketing15.com\\\/pl\\\/\"},{\"@type\":\"ListItem\",\"position\":2,\"name\":\"Produkty\",\"item\":\"https:\\\/\\\/edwood.marketing15.com\\\/product\\\/\"},{\"@type\":\"ListItem\",\"position\":3,\"name\":\"Wieszak na r\u0119czniki SVALL\"}]},{\"@type\":\"WebSite\",\"@id\":\"https:\\\/\\\/edwood.marketing15.com\\\/#website\",\"url\":\"https:\\\/\\\/edwood.marketing15.com\\\/\",\"name\":\"Edwood Home\",\"description\":\"\",\"publisher\":{\"@id\":\"https:\\\/\\\/edwood.marketing15.com\\\/#organization\"},\"potentialAction\":[{\"@type\":\"SearchAction\",\"target\":{\"@type\":\"EntryPoint\",\"urlTemplate\":\"https:\\\/\\\/edwood.marketing15.com\\\/?s={search_term_string}\"},\"query-input\":{\"@type\":\"PropertyValueSpecification\",\"valueRequired\":true,\"valueName\":\"search_term_string\"}}],\"inLanguage\":\"pl-PL\"},{\"@type\":\"Organization\",\"@id\":\"https:\\\/\\\/edwood.marketing15.com\\\/#organization\",\"name\":\"Edwood Home\",\"url\":\"https:\\\/\\\/edwood.marketing15.com\\\/\",\"logo\":{\"@type\":\"ImageObject\",\"inLanguage\":\"pl-PL\",\"@id\":\"https:\\\/\\\/edwood.marketing15.com\\\/#\\\/schema\\\/logo\\\/image\\\/\",\"url\":\"https:\\\/\\\/edwood.marketing15.com\\\/wp-content\\\/uploads\\\/2026\\\/03\\\/Logo.svg\",\"contentUrl\":\"https:\\\/\\\/edwood.marketing15.com\\\/wp-content\\\/uploads\\\/2026\\\/03\\\/Logo.svg\",\"width\":203,\"height\":39,\"caption\":\"Edwood Home\"},\"image\":{\"@id\":\"https:\\\/\\\/edwood.marketing15.com\\\/#\\\/schema\\\/logo\\\/image\\\/\"}}]}<\/script>\n<!-- \/ Yoast SEO plugin. -->","yoast_head_json":{"title":"Wieszak na r\u0119czniki SVALL - Edwood Home","robots":{"index":"index","follow":"follow","max-snippet":"max-snippet:-1","max-image-preview":"max-image-preview:large","max-video-preview":"max-video-preview:-1"},"canonical":"https:\/\/edwood.marketing15.com\/pl\/product\/wieszak-na-reczniki-svall\/","og_locale":"pl_PL","og_type":"article","og_title":"Wieszak na r\u0119czniki SVALL - Edwood Home","og_description":"Minimalistyczny akcent, kt\u00f3ry doskonale uzupe\u0142nia kolekcj\u0119 SVALL.","og_url":"https:\/\/edwood.marketing15.com\/pl\/product\/wieszak-na-reczniki-svall\/","og_site_name":"Edwood Home","article_modified_time":"2026-04-29T12:57:42+00:00","og_image":[{"width":720,"height":878,"url":"https:\/\/edwood.marketing15.com\/wp-content\/uploads\/2026\/03\/w1-1.png","type":"image\/png"}],"twitter_card":"summary_large_image","twitter_misc":{"Szacowany czas czytania":"1 minuta"},"schema":{"@context":"https:\/\/schema.org","@graph":[{"@type":"WebPage","@id":"https:\/\/edwood.marketing15.com\/pl\/product\/wieszak-na-reczniki-svall\/","url":"https:\/\/edwood.marketing15.com\/pl\/product\/wieszak-na-reczniki-svall\/","name":"Wieszak na r\u0119czniki SVALL - Edwood Home","isPartOf":{"@id":"https:\/\/edwood.marketing15.com\/#website"},"primaryImageOfPage":{"@id":"https:\/\/edwood.marketing15.com\/pl\/product\/wieszak-na-reczniki-svall\/#primaryimage"},"image":{"@id":"https:\/\/edwood.marketing15.com\/pl\/product\/wieszak-na-reczniki-svall\/#primaryimage"},"thumbnailUrl":"https:\/\/edwood.marketing15.com\/wp-content\/uploads\/2026\/03\/w1-1.png","datePublished":"2026-03-16T12:33:01+00:00","dateModified":"2026-04-29T12:57:42+00:00","breadcrumb":{"@id":"https:\/\/edwood.marketing15.com\/pl\/product\/wieszak-na-reczniki-svall\/#breadcrumb"},"inLanguage":"pl-PL","potentialAction":[{"@type":"ReadAction","target":["https:\/\/edwood.marketing15.com\/pl\/product\/wieszak-na-reczniki-svall\/"]}]},{"@type":"ImageObject","inLanguage":"pl-PL","@id":"https:\/\/edwood.marketing15.com\/pl\/product\/wieszak-na-reczniki-svall\/#primaryimage","url":"https:\/\/edwood.marketing15.com\/wp-content\/uploads\/2026\/03\/w1-1.png","contentUrl":"https:\/\/edwood.marketing15.com\/wp-content\/uploads\/2026\/03\/w1-1.png","width":720,"height":878},{"@type":"BreadcrumbList","@id":"https:\/\/edwood.marketing15.com\/pl\/product\/wieszak-na-reczniki-svall\/#breadcrumb","itemListElement":[{"@type":"ListItem","position":1,"name":"Home","item":"https:\/\/edwood.marketing15.com\/pl\/"},{"@type":"ListItem","position":2,"name":"Produkty","item":"https:\/\/edwood.marketing15.com\/product\/"},{"@type":"ListItem","position":3,"name":"Wieszak na r\u0119czniki SVALL"}]},{"@type":"WebSite","@id":"https:\/\/edwood.marketing15.com\/#website","url":"https:\/\/edwood.marketing15.com\/","name":"Edwood Home","description":"","publisher":{"@id":"https:\/\/edwood.marketing15.com\/#organization"},"potentialAction":[{"@type":"SearchAction","target":{"@type":"EntryPoint","urlTemplate":"https:\/\/edwood.marketing15.com\/?s={search_term_string}"},"query-input":{"@type":"PropertyValueSpecification","valueRequired":true,"valueName":"search_term_string"}}],"inLanguage":"pl-PL"},{"@type":"Organization","@id":"https:\/\/edwood.marketing15.com\/#organization","name":"Edwood Home","url":"https:\/\/edwood.marketing15.com\/","logo":{"@type":"ImageObject","inLanguage":"pl-PL","@id":"https:\/\/edwood.marketing15.com\/#\/schema\/logo\/image\/","url":"https:\/\/edwood.marketing15.com\/wp-content\/uploads\/2026\/03\/Logo.svg","contentUrl":"https:\/\/edwood.marketing15.com\/wp-content\/uploads\/2026\/03\/Logo.svg","width":203,"height":39,"caption":"Edwood Home"},"image":{"@id":"https:\/\/edwood.marketing15.com\/#\/schema\/logo\/image\/"}}]}},"_links":{"self":[{"href":"https:\/\/edwood.marketing15.com\/pl\/wp-json\/wp\/v2\/product\/2926","targetHints":{"allow":["GET"]}}],"collection":[{"href":"https:\/\/edwood.marketing15.com\/pl\/wp-json\/wp\/v2\/product"}],"about":[{"href":"https:\/\/edwood.marketing15.com\/pl\/wp-json\/wp\/v2\/types\/product"}],"version-history":[{"count":2,"href":"https:\/\/edwood.marketing15.com\/pl\/wp-json\/wp\/v2\/product\/2926\/revisions"}],"predecessor-version":[{"id":3036,"href":"https:\/\/edwood.marketing15.com\/pl\/wp-json\/wp\/v2\/product\/2926\/revisions\/3036"}],"wp:featuredmedia":[{"embeddable":true,"href":"https:\/\/edwood.marketing15.com\/pl\/wp-json\/wp\/v2\/media\/2546"}],"wp:attachment":[{"href":"https:\/\/edwood.marketing15.com\/pl\/wp-json\/wp\/v2\/media?parent=2926"}],"wp:term":[{"taxonomy":"product_collection","embeddable":true,"href":"https:\/\/edwood.marketing15.com\/pl\/wp-json\/wp\/v2\/product_collection?post=2926"},{"taxonomy":"product_line","embeddable":true,"href":"https:\/\/edwood.marketing15.com\/pl\/wp-json\/wp\/v2\/product_line?post=2926"}],"curies":[{"name":"wp","href":"https:\/\/api.w.org\/{rel}","templated":true}]}}