{"id":2827,"date":"2026-03-25T08:47:33","date_gmt":"2026-03-25T07:47:33","guid":{"rendered":"https:\/\/edwood.marketing15.com\/collections\/"},"modified":"2026-04-29T13:50:12","modified_gmt":"2026-04-29T11:50:12","slug":"kolekcje","status":"publish","type":"page","link":"https:\/\/edwood.marketing15.com\/pl\/kolekcje\/","title":{"rendered":"Kolekcje"},"content":{"rendered":"\t\t<div data-elementor-type=\"wp-page\" data-elementor-id=\"2827\" class=\"elementor elementor-2827 elementor-1730\" data-elementor-post-type=\"page\">\n\t\t\t\t<div class=\"elementor-element elementor-element-98ad6ed e-flex e-con-boxed e-con e-parent\" data-id=\"98ad6ed\" data-element_type=\"container\" data-e-type=\"container\" data-settings=\"{&quot;background_background&quot;:&quot;classic&quot;}\">\n\t\t\t\t\t<div class=\"e-con-inner\">\n\t\t\t\t<div class=\"elementor-element elementor-element-04a416e elementor-widget elementor-widget-heading\" data-id=\"04a416e\" data-element_type=\"widget\" data-e-type=\"widget\" data-widget_type=\"heading.default\">\n\t\t\t\t\t<h1 class=\"elementor-heading-title elementor-size-default\">Kolekcje<\/h1>\t\t\t\t<\/div>\n\t\t\t\t\t<\/div>\n\t\t\t\t<\/div>\n\t\t<div class=\"elementor-element elementor-element-c806c48 e-flex e-con-boxed e-con e-parent\" data-id=\"c806c48\" data-element_type=\"container\" data-e-type=\"container\">\n\t\t\t\t\t<div class=\"e-con-inner\">\n\t\t\t\t<div class=\"elementor-element elementor-element-7c550cf elementor-widget elementor-widget-breadcrumbs\" data-id=\"7c550cf\" data-element_type=\"widget\" data-e-type=\"widget\" data-widget_type=\"breadcrumbs.default\">\n\t\t\t\t\t<p id=\"breadcrumbs\"><span><span><a href=\"https:\/\/edwood.marketing15.com\/pl\/\">Home<\/a><\/span><\/span><\/p>\t\t\t\t<\/div>\n\t\t\t\t\t<\/div>\n\t\t\t\t<\/div>\n\t\t<div class=\"elementor-element elementor-element-c046321 e-flex e-con-boxed e-con e-parent\" data-id=\"c046321\" data-element_type=\"container\" data-e-type=\"container\">\n\t\t\t\t\t<div class=\"e-con-inner\">\n\t\t\t\t<div class=\"elementor-element elementor-element-3441482 elementor-widget elementor-widget-heading\" data-id=\"3441482\" data-element_type=\"widget\" data-e-type=\"widget\" data-widget_type=\"heading.default\">\n\t\t\t\t\t<h2 class=\"elementor-heading-title elementor-size-default\">Kolekcje Edwood Home<\/h2>\t\t\t\t<\/div>\n\t\t\t\t<div class=\"elementor-element elementor-element-94fa61b elementor-widget__width-initial elementor-widget elementor-widget-text-editor\" data-id=\"94fa61b\" data-element_type=\"widget\" data-e-type=\"widget\" data-widget_type=\"text-editor.default\">\n\t\t\t\t\t\t\t\t\tDesign, kt\u00f3ry wyrasta z natury. Poznaj nasze autorskie kolekcje mebli i akcesori\u00f3w, gdzie rzemie\u015blnicza precyzja Edwood spotyka si\u0119 z wizj\u0105 najlepszych polskich projektant\u00f3w.\t\t\t\t\t\t\t\t<\/div>\n\t\t\t\t\t<\/div>\n\t\t\t\t<\/div>\n\t\t<div class=\"elementor-element elementor-element-6f343a0 e-flex e-con-boxed e-con e-parent\" data-id=\"6f343a0\" data-element_type=\"container\" data-e-type=\"container\">\n\t\t\t\t\t<div class=\"e-con-inner\">\n\t\t<div class=\"elementor-element elementor-element-3862ba8 e-con-full e-flex e-con e-child\" data-id=\"3862ba8\" data-element_type=\"container\" data-e-type=\"container\">\n\t\t<div class=\"elementor-element elementor-element-fe3202c e-con-full e-flex e-con e-child\" data-id=\"fe3202c\" data-element_type=\"container\" data-e-type=\"container\">\n\t\t\t\t<div class=\"elementor-element elementor-element-28a9e30 elementor-widget elementor-widget-heading\" data-id=\"28a9e30\" data-element_type=\"widget\" data-e-type=\"widget\" data-widget_type=\"heading.default\">\n\t\t\t\t\t<h2 class=\"elementor-heading-title elementor-size-default\">Pure Wood SI<\/h2>\t\t\t\t<\/div>\n\t\t\t\t<div class=\"elementor-element elementor-element-6bee4b9 p-reset elementor-widget elementor-widget-text-editor\" data-id=\"6bee4b9\" data-element_type=\"widget\" data-e-type=\"widget\" data-widget_type=\"text-editor.default\">\n\t\t\t\t\t\t\t\t\tSystem SI z kolekcji Pure Wood Collection to ho\u0142d dla szlachetno\u015bci d\u0119bu. Wykonana z najwy\u017cszej klasy europejskiego drewna, zachwyca swoj\u0105 lekko\u015bci\u0105 i precyzyjnym wyko\u0144czeniem, kt\u00f3re chroni j\u0105 przed wilgoci\u0105, jednocze\u015bnie pozostawiaj\u0105c struktur\u0119 d\u0119bu idealnie g\u0142adk\u0105 i przyjemn\u0105 w dotyku.\t\t\t\t\t\t\t\t<\/div>\n\t\t\t\t<div class=\"elementor-element elementor-element-d4cc911 elementor-align-left elementor-mobile-align-left elementor-widget elementor-widget-button\" data-id=\"d4cc911\" data-element_type=\"widget\" data-e-type=\"widget\" data-widget_type=\"button.default\">\n\t\t\t\t\t\t\t\t\t\t<a class=\"elementor-button elementor-button-link elementor-size-sm\" href=\"https:\/\/edwood.marketing15.com\/collections\/pure-wood-si\/\">\n\t\t\t\t\t\t<span class=\"elementor-button-content-wrapper\">\n\t\t\t\t\t\t<span class=\"elementor-button-icon\">\n\t\t\t\t<svg xmlns=\"http:\/\/www.w3.org\/2000\/svg\" width=\"18\" height=\"18\" viewBox=\"0 0 18 18\" fill=\"none\"><path d=\"M9.4043 2.6543L15.7499 8.99995L9.4043 15.3456\" stroke=\"white\" stroke-width=\"1.5\" stroke-linecap=\"round\" stroke-linejoin=\"round\"><\/path><path d=\"M15.7499 9L2.25 9\" stroke=\"white\" stroke-width=\"1.5\" stroke-linecap=\"round\" stroke-linejoin=\"round\"><\/path><\/svg>\t\t\t<\/span>\n\t\t\t\t\t\t\t\t\t<span class=\"elementor-button-text\">Wi\u0119cej<\/span>\n\t\t\t\t\t<\/span>\n\t\t\t\t\t<\/a>\n\t\t\t\t\t\t\t\t<\/div>\n\t\t\t\t<\/div>\n\t\t\t\t<div class=\"elementor-element elementor-element-52ba556 elementor-widget__width-initial img-shadow-living elementor-widget elementor-widget-image\" data-id=\"52ba556\" data-element_type=\"widget\" data-e-type=\"widget\" data-widget_type=\"image.default\">\n\t\t\t\t\t\t\t\t\t\t\t\t\t\t\t<img loading=\"lazy\" decoding=\"async\" width=\"800\" height=\"766\" src=\"https:\/\/edwood.marketing15.com\/wp-content\/uploads\/2026\/03\/collection1-1024x981.png\" class=\"attachment-large size-large wp-image-2309\" alt=\"\" srcset=\"https:\/\/edwood.marketing15.com\/wp-content\/uploads\/2026\/03\/collection1-1024x981.png 1024w, https:\/\/edwood.marketing15.com\/wp-content\/uploads\/2026\/03\/collection1-300x287.png 300w, https:\/\/edwood.marketing15.com\/wp-content\/uploads\/2026\/03\/collection1-768x736.png 768w, https:\/\/edwood.marketing15.com\/wp-content\/uploads\/2026\/03\/collection1-1536x1472.png 1536w, https:\/\/edwood.marketing15.com\/wp-content\/uploads\/2026\/03\/collection1.png 1600w\" sizes=\"auto, (max-width: 800px) 100vw, 800px\" \/>\t\t\t\t\t\t\t\t\t\t\t\t\t\t\t<\/div>\n\t\t\t\t<\/div>\n\t\t<div class=\"elementor-element elementor-element-7378eb6 e-con-full e-flex e-con e-child\" data-id=\"7378eb6\" data-element_type=\"container\" data-e-type=\"container\">\n\t\t\t\t<div class=\"elementor-element elementor-element-636529c elementor-widget__width-initial img-shadow-living elementor-widget elementor-widget-image\" data-id=\"636529c\" data-element_type=\"widget\" data-e-type=\"widget\" data-widget_type=\"image.default\">\n\t\t\t\t\t\t\t\t\t\t\t\t\t\t\t<img loading=\"lazy\" decoding=\"async\" width=\"800\" height=\"766\" src=\"https:\/\/edwood.marketing15.com\/wp-content\/uploads\/2026\/03\/collection2-1-1024x981.png\" class=\"attachment-large size-large wp-image-2312\" alt=\"\" srcset=\"https:\/\/edwood.marketing15.com\/wp-content\/uploads\/2026\/03\/collection2-1-1024x981.png 1024w, https:\/\/edwood.marketing15.com\/wp-content\/uploads\/2026\/03\/collection2-1-300x287.png 300w, https:\/\/edwood.marketing15.com\/wp-content\/uploads\/2026\/03\/collection2-1-768x736.png 768w, https:\/\/edwood.marketing15.com\/wp-content\/uploads\/2026\/03\/collection2-1-1536x1472.png 1536w, https:\/\/edwood.marketing15.com\/wp-content\/uploads\/2026\/03\/collection2-1.png 1600w\" sizes=\"auto, (max-width: 800px) 100vw, 800px\" \/>\t\t\t\t\t\t\t\t\t\t\t\t\t\t\t<\/div>\n\t\t<div class=\"elementor-element elementor-element-25b24a4 e-con-full e-flex e-con e-child\" data-id=\"25b24a4\" data-element_type=\"container\" data-e-type=\"container\">\n\t\t\t\t<div class=\"elementor-element elementor-element-f494987 elementor-widget elementor-widget-heading\" data-id=\"f494987\" data-element_type=\"widget\" data-e-type=\"widget\" data-widget_type=\"heading.default\">\n\t\t\t\t\t<h2 class=\"elementor-heading-title elementor-size-default\">SVALL<\/h2>\t\t\t\t<\/div>\n\t\t\t\t<div class=\"elementor-element elementor-element-620ff61 p-reset elementor-widget elementor-widget-text-editor\" data-id=\"620ff61\" data-element_type=\"widget\" data-e-type=\"widget\" data-widget_type=\"text-editor.default\">\n\t\t\t\t\t\t\t\t\tInspirowana ruchem wody Sercem linii jest umywalka SVALL \u2013 projekt, kt\u00f3ry swoj\u0105 nazw\u0119 czerpie ze szwedzkiego s\u0142owa oznaczaj\u0105cego przyp\u0142yw. Jej zmienny, falisty kszta\u0142t sprawia, \u017ce szlachetny d\u0105b zyskuje niespotykan\u0105 lekko\u015b\u0107 i dynamik\u0119, stanowi\u0105c niebanalne dope\u0142nienie nowoczesnej \u0142azienki w duchu eko-designu.\t\t\t\t\t\t\t\t<\/div>\n\t\t\t\t<div class=\"elementor-element elementor-element-a0f6f3b elementor-align-left elementor-mobile-align-left elementor-widget elementor-widget-button\" data-id=\"a0f6f3b\" data-element_type=\"widget\" data-e-type=\"widget\" data-widget_type=\"button.default\">\n\t\t\t\t\t\t\t\t\t\t<a class=\"elementor-button elementor-button-link elementor-size-sm\" href=\"https:\/\/edwood.marketing15.com\/collections\/svall\/\">\n\t\t\t\t\t\t<span class=\"elementor-button-content-wrapper\">\n\t\t\t\t\t\t<span class=\"elementor-button-icon\">\n\t\t\t\t<svg xmlns=\"http:\/\/www.w3.org\/2000\/svg\" width=\"18\" height=\"18\" viewBox=\"0 0 18 18\" fill=\"none\"><path d=\"M9.4043 2.6543L15.7499 8.99995L9.4043 15.3456\" stroke=\"white\" stroke-width=\"1.5\" stroke-linecap=\"round\" stroke-linejoin=\"round\"><\/path><path d=\"M15.7499 9L2.25 9\" stroke=\"white\" stroke-width=\"1.5\" stroke-linecap=\"round\" stroke-linejoin=\"round\"><\/path><\/svg>\t\t\t<\/span>\n\t\t\t\t\t\t\t\t\t<span class=\"elementor-button-text\">Wi\u0119cej<\/span>\n\t\t\t\t\t<\/span>\n\t\t\t\t\t<\/a>\n\t\t\t\t\t\t\t\t<\/div>\n\t\t\t\t<\/div>\n\t\t\t\t<\/div>\n\t\t\t\t\t<\/div>\n\t\t\t\t<\/div>\n\t\t\t\t<\/div>\n\t\t","protected":false},"excerpt":{"rendered":"<p>Kolekcje Kolekcje Edwood Home Design, kt\u00f3ry wyrasta z natury. Poznaj nasze autorskie kolekcje mebli i akcesori\u00f3w, gdzie rzemie\u015blnicza precyzja Edwood spotyka si\u0119 z wizj\u0105 najlepszych polskich projektant\u00f3w. Pure Wood SI System SI z kolekcji Pure Wood Collection to ho\u0142d dla szlachetno\u015bci d\u0119bu. Wykonana z najwy\u017cszej klasy europejskiego drewna, zachwyca swoj\u0105 lekko\u015bci\u0105 i precyzyjnym wyko\u0144czeniem, kt\u00f3re [&hellip;]<\/p>\n","protected":false},"author":1,"featured_media":0,"parent":0,"menu_order":0,"comment_status":"closed","ping_status":"closed","template":"","meta":{"_acf_changed":false,"footnotes":""},"class_list":["post-2827","page","type-page","status-publish","hentry"],"acf":[],"yoast_head":"<!-- This site is optimized with the Yoast SEO plugin v27.4 - https:\/\/yoast.com\/product\/yoast-seo-wordpress\/ -->\n<title>Kolekcje - Edwood Home<\/title>\n<meta name=\"robots\" content=\"index, follow, max-snippet:-1, max-image-preview:large, max-video-preview:-1\" \/>\n<link rel=\"canonical\" href=\"https:\/\/edwood.marketing15.com\/pl\/kolekcje\/\" \/>\n<meta property=\"og:locale\" content=\"pl_PL\" \/>\n<meta property=\"og:type\" content=\"article\" \/>\n<meta property=\"og:title\" content=\"Kolekcje - Edwood Home\" \/>\n<meta property=\"og:description\" content=\"Kolekcje Kolekcje Edwood Home Design, kt\u00f3ry wyrasta z natury. Poznaj nasze autorskie kolekcje mebli i akcesori\u00f3w, gdzie rzemie\u015blnicza precyzja Edwood spotyka si\u0119 z wizj\u0105 najlepszych polskich projektant\u00f3w. Pure Wood SI System SI z kolekcji Pure Wood Collection to ho\u0142d dla szlachetno\u015bci d\u0119bu. Wykonana z najwy\u017cszej klasy europejskiego drewna, zachwyca swoj\u0105 lekko\u015bci\u0105 i precyzyjnym wyko\u0144czeniem, kt\u00f3re [&hellip;]\" \/>\n<meta property=\"og:url\" content=\"https:\/\/edwood.marketing15.com\/pl\/kolekcje\/\" \/>\n<meta property=\"og:site_name\" content=\"Edwood Home\" \/>\n<meta property=\"article:modified_time\" content=\"2026-04-29T11:50:12+00:00\" \/>\n<meta property=\"og:image\" content=\"https:\/\/edwood.marketing15.com\/wp-content\/uploads\/2026\/03\/collection1-1024x981.png\" \/>\n<meta name=\"twitter:card\" content=\"summary_large_image\" \/>\n<meta name=\"twitter:label1\" content=\"Szacowany czas czytania\" \/>\n\t<meta name=\"twitter:data1\" content=\"1 minuta\" \/>\n<script type=\"application\/ld+json\" class=\"yoast-schema-graph\">{\"@context\":\"https:\\\/\\\/schema.org\",\"@graph\":[{\"@type\":\"WebPage\",\"@id\":\"https:\\\/\\\/edwood.marketing15.com\\\/pl\\\/kolekcje\\\/\",\"url\":\"https:\\\/\\\/edwood.marketing15.com\\\/pl\\\/kolekcje\\\/\",\"name\":\"Kolekcje - Edwood Home\",\"isPartOf\":{\"@id\":\"https:\\\/\\\/edwood.marketing15.com\\\/#website\"},\"primaryImageOfPage\":{\"@id\":\"https:\\\/\\\/edwood.marketing15.com\\\/pl\\\/kolekcje\\\/#primaryimage\"},\"image\":{\"@id\":\"https:\\\/\\\/edwood.marketing15.com\\\/pl\\\/kolekcje\\\/#primaryimage\"},\"thumbnailUrl\":\"https:\\\/\\\/edwood.marketing15.com\\\/wp-content\\\/uploads\\\/2026\\\/03\\\/collection1-1024x981.png\",\"datePublished\":\"2026-03-25T07:47:33+00:00\",\"dateModified\":\"2026-04-29T11:50:12+00:00\",\"breadcrumb\":{\"@id\":\"https:\\\/\\\/edwood.marketing15.com\\\/pl\\\/kolekcje\\\/#breadcrumb\"},\"inLanguage\":\"pl-PL\",\"potentialAction\":[{\"@type\":\"ReadAction\",\"target\":[\"https:\\\/\\\/edwood.marketing15.com\\\/pl\\\/kolekcje\\\/\"]}]},{\"@type\":\"ImageObject\",\"inLanguage\":\"pl-PL\",\"@id\":\"https:\\\/\\\/edwood.marketing15.com\\\/pl\\\/kolekcje\\\/#primaryimage\",\"url\":\"https:\\\/\\\/edwood.marketing15.com\\\/wp-content\\\/uploads\\\/2026\\\/03\\\/collection1-1024x981.png\",\"contentUrl\":\"https:\\\/\\\/edwood.marketing15.com\\\/wp-content\\\/uploads\\\/2026\\\/03\\\/collection1-1024x981.png\"},{\"@type\":\"BreadcrumbList\",\"@id\":\"https:\\\/\\\/edwood.marketing15.com\\\/pl\\\/kolekcje\\\/#breadcrumb\",\"itemListElement\":[{\"@type\":\"ListItem\",\"position\":1,\"name\":\"Home\",\"item\":\"https:\\\/\\\/edwood.marketing15.com\\\/pl\\\/\"},{\"@type\":\"ListItem\",\"position\":2,\"name\":\"Kolekcje\"}]},{\"@type\":\"WebSite\",\"@id\":\"https:\\\/\\\/edwood.marketing15.com\\\/#website\",\"url\":\"https:\\\/\\\/edwood.marketing15.com\\\/\",\"name\":\"Edwood Home\",\"description\":\"\",\"publisher\":{\"@id\":\"https:\\\/\\\/edwood.marketing15.com\\\/#organization\"},\"potentialAction\":[{\"@type\":\"SearchAction\",\"target\":{\"@type\":\"EntryPoint\",\"urlTemplate\":\"https:\\\/\\\/edwood.marketing15.com\\\/?s={search_term_string}\"},\"query-input\":{\"@type\":\"PropertyValueSpecification\",\"valueRequired\":true,\"valueName\":\"search_term_string\"}}],\"inLanguage\":\"pl-PL\"},{\"@type\":\"Organization\",\"@id\":\"https:\\\/\\\/edwood.marketing15.com\\\/#organization\",\"name\":\"Edwood Home\",\"url\":\"https:\\\/\\\/edwood.marketing15.com\\\/\",\"logo\":{\"@type\":\"ImageObject\",\"inLanguage\":\"pl-PL\",\"@id\":\"https:\\\/\\\/edwood.marketing15.com\\\/#\\\/schema\\\/logo\\\/image\\\/\",\"url\":\"https:\\\/\\\/edwood.marketing15.com\\\/wp-content\\\/uploads\\\/2026\\\/03\\\/Logo.svg\",\"contentUrl\":\"https:\\\/\\\/edwood.marketing15.com\\\/wp-content\\\/uploads\\\/2026\\\/03\\\/Logo.svg\",\"width\":203,\"height\":39,\"caption\":\"Edwood Home\"},\"image\":{\"@id\":\"https:\\\/\\\/edwood.marketing15.com\\\/#\\\/schema\\\/logo\\\/image\\\/\"}}]}<\/script>\n<!-- \/ Yoast SEO plugin. -->","yoast_head_json":{"title":"Kolekcje - Edwood Home","robots":{"index":"index","follow":"follow","max-snippet":"max-snippet:-1","max-image-preview":"max-image-preview:large","max-video-preview":"max-video-preview:-1"},"canonical":"https:\/\/edwood.marketing15.com\/pl\/kolekcje\/","og_locale":"pl_PL","og_type":"article","og_title":"Kolekcje - Edwood Home","og_description":"Kolekcje Kolekcje Edwood Home Design, kt\u00f3ry wyrasta z natury. Poznaj nasze autorskie kolekcje mebli i akcesori\u00f3w, gdzie rzemie\u015blnicza precyzja Edwood spotyka si\u0119 z wizj\u0105 najlepszych polskich projektant\u00f3w. Pure Wood SI System SI z kolekcji Pure Wood Collection to ho\u0142d dla szlachetno\u015bci d\u0119bu. Wykonana z najwy\u017cszej klasy europejskiego drewna, zachwyca swoj\u0105 lekko\u015bci\u0105 i precyzyjnym wyko\u0144czeniem, kt\u00f3re [&hellip;]","og_url":"https:\/\/edwood.marketing15.com\/pl\/kolekcje\/","og_site_name":"Edwood Home","article_modified_time":"2026-04-29T11:50:12+00:00","og_image":[{"url":"https:\/\/edwood.marketing15.com\/wp-content\/uploads\/2026\/03\/collection1-1024x981.png","type":"","width":"","height":""}],"twitter_card":"summary_large_image","twitter_misc":{"Szacowany czas czytania":"1 minuta"},"schema":{"@context":"https:\/\/schema.org","@graph":[{"@type":"WebPage","@id":"https:\/\/edwood.marketing15.com\/pl\/kolekcje\/","url":"https:\/\/edwood.marketing15.com\/pl\/kolekcje\/","name":"Kolekcje - Edwood Home","isPartOf":{"@id":"https:\/\/edwood.marketing15.com\/#website"},"primaryImageOfPage":{"@id":"https:\/\/edwood.marketing15.com\/pl\/kolekcje\/#primaryimage"},"image":{"@id":"https:\/\/edwood.marketing15.com\/pl\/kolekcje\/#primaryimage"},"thumbnailUrl":"https:\/\/edwood.marketing15.com\/wp-content\/uploads\/2026\/03\/collection1-1024x981.png","datePublished":"2026-03-25T07:47:33+00:00","dateModified":"2026-04-29T11:50:12+00:00","breadcrumb":{"@id":"https:\/\/edwood.marketing15.com\/pl\/kolekcje\/#breadcrumb"},"inLanguage":"pl-PL","potentialAction":[{"@type":"ReadAction","target":["https:\/\/edwood.marketing15.com\/pl\/kolekcje\/"]}]},{"@type":"ImageObject","inLanguage":"pl-PL","@id":"https:\/\/edwood.marketing15.com\/pl\/kolekcje\/#primaryimage","url":"https:\/\/edwood.marketing15.com\/wp-content\/uploads\/2026\/03\/collection1-1024x981.png","contentUrl":"https:\/\/edwood.marketing15.com\/wp-content\/uploads\/2026\/03\/collection1-1024x981.png"},{"@type":"BreadcrumbList","@id":"https:\/\/edwood.marketing15.com\/pl\/kolekcje\/#breadcrumb","itemListElement":[{"@type":"ListItem","position":1,"name":"Home","item":"https:\/\/edwood.marketing15.com\/pl\/"},{"@type":"ListItem","position":2,"name":"Kolekcje"}]},{"@type":"WebSite","@id":"https:\/\/edwood.marketing15.com\/#website","url":"https:\/\/edwood.marketing15.com\/","name":"Edwood Home","description":"","publisher":{"@id":"https:\/\/edwood.marketing15.com\/#organization"},"potentialAction":[{"@type":"SearchAction","target":{"@type":"EntryPoint","urlTemplate":"https:\/\/edwood.marketing15.com\/?s={search_term_string}"},"query-input":{"@type":"PropertyValueSpecification","valueRequired":true,"valueName":"search_term_string"}}],"inLanguage":"pl-PL"},{"@type":"Organization","@id":"https:\/\/edwood.marketing15.com\/#organization","name":"Edwood Home","url":"https:\/\/edwood.marketing15.com\/","logo":{"@type":"ImageObject","inLanguage":"pl-PL","@id":"https:\/\/edwood.marketing15.com\/#\/schema\/logo\/image\/","url":"https:\/\/edwood.marketing15.com\/wp-content\/uploads\/2026\/03\/Logo.svg","contentUrl":"https:\/\/edwood.marketing15.com\/wp-content\/uploads\/2026\/03\/Logo.svg","width":203,"height":39,"caption":"Edwood Home"},"image":{"@id":"https:\/\/edwood.marketing15.com\/#\/schema\/logo\/image\/"}}]}},"_links":{"self":[{"href":"https:\/\/edwood.marketing15.com\/pl\/wp-json\/wp\/v2\/pages\/2827","targetHints":{"allow":["GET"]}}],"collection":[{"href":"https:\/\/edwood.marketing15.com\/pl\/wp-json\/wp\/v2\/pages"}],"about":[{"href":"https:\/\/edwood.marketing15.com\/pl\/wp-json\/wp\/v2\/types\/page"}],"author":[{"embeddable":true,"href":"https:\/\/edwood.marketing15.com\/pl\/wp-json\/wp\/v2\/users\/1"}],"replies":[{"embeddable":true,"href":"https:\/\/edwood.marketing15.com\/pl\/wp-json\/wp\/v2\/comments?post=2827"}],"version-history":[{"count":5,"href":"https:\/\/edwood.marketing15.com\/pl\/wp-json\/wp\/v2\/pages\/2827\/revisions"}],"predecessor-version":[{"id":3006,"href":"https:\/\/edwood.marketing15.com\/pl\/wp-json\/wp\/v2\/pages\/2827\/revisions\/3006"}],"wp:attachment":[{"href":"https:\/\/edwood.marketing15.com\/pl\/wp-json\/wp\/v2\/media?parent=2827"}],"curies":[{"name":"wp","href":"https:\/\/api.w.org\/{rel}","templated":true}]}}